{"id":964,"date":"2025-12-25T16:14:39","date_gmt":"2025-12-25T15:14:39","guid":{"rendered":"https:\/\/atr-mobility-france.com\/?post_type=product&#038;p=964"},"modified":"2025-12-25T16:14:40","modified_gmt":"2025-12-25T15:14:40","slug":"sacoche-3-poche","status":"publish","type":"product","link":"https:\/\/atr-mobility-france.com\/index.php\/produit\/sacoche-3-poche\/","title":{"rendered":"Sacoche 3 poche"},"content":{"rendered":"<p><strong id=\"tl_1\">Utilisation polyvalente<\/strong><\/p>\n<p id=\"tl_2\" align=\"start\">Con\u00e7u pour la polyvalence, ce sac constitue une solution de rangement pratique pour les poussettes, les fauteuils roulants et bien plus encore.<\/p>\n<p align=\"start\"><strong id=\"tl_3\">Portable et l\u00e9ger<\/strong><\/p>\n<p id=\"tl_4\" align=\"start\">L\u00e9ger et portable, ce sac est facile \u00e0 transporter, ce qui le rend id\u00e9al pour une utilisation en d\u00e9placement.<\/p>\n<p align=\"start\"><strong id=\"tl_5\">Fonction de bande r\u00e9fl\u00e9chissante<\/strong><\/p>\n<p id=\"tl_6\" align=\"start\">Equip\u00e9 d&rsquo;une bande r\u00e9fl\u00e9chissante, il am\u00e9liore la visibilit\u00e9 dans des conditions de faible luminosit\u00e9, garantissant ainsi la s\u00e9curit\u00e9 des utilisateurs.<\/p>\n<p align=\"start\"><strong id=\"tl_7\">Installation facile<\/strong><\/p>\n<p id=\"tl_8\" align=\"start\">Le sac dispose d&rsquo;un processus d&rsquo;installation facile, permettant aux utilisateurs de l&rsquo;attacher sans effort \u00e0 leur poussette ou fauteuil roulant.<\/p>\n<p align=\"start\"><strong id=\"tl_9\">Mat\u00e9riau \u00e9cologique<\/strong><\/p>\n<p id=\"tl_10\" align=\"start\">Fabriqu\u00e9 \u00e0 partir de mat\u00e9riaux respectueux de l&rsquo;environnement, ce sac de rangement garantit une utilisation durable sans compromettre la qualit\u00e9.<img loading=\"lazy\" decoding=\"async\" class=\"alignnone size-full wp-image-976\" src=\"https:\/\/atr-mobility-france.com\/wp-content\/uploads\/2025\/12\/sacoche1-112.avif\" alt=\"\" width=\"800\" height=\"800\" \/> <img loading=\"lazy\" decoding=\"async\" class=\"alignnone size-medium wp-image-970\" src=\"https:\/\/atr-mobility-france.com\/wp-content\/uploads\/2025\/12\/sacoche1-15.avif\" alt=\"\" width=\"220\" height=\"220\" \/><\/p>\n<p align=\"start\"><img loading=\"lazy\" decoding=\"async\" class=\"alignnone size-full wp-image-966\" src=\"https:\/\/atr-mobility-france.com\/wp-content\/uploads\/2025\/12\/sacoche1-11.avif\" alt=\"\" width=\"220\" height=\"220\" \/><\/p>\n<p align=\"start\">\n<p align=\"start\">\n","protected":false},"excerpt":{"rendered":"<p>Utilisation polyvalente Con\u00e7u pour la polyvalence, ce sac constitue une solution de rangement pratique pour les poussettes, les fauteuils roulants et bien plus encore. Portable et l\u00e9ger L\u00e9ger et portable, ce sac est facile \u00e0 transporter, ce qui le rend id\u00e9al pour une utilisation en d\u00e9placement. Fonction de bande r\u00e9fl\u00e9chissante Equip\u00e9 d&rsquo;une bande r\u00e9fl\u00e9chissante, il [&hellip;]<\/p>\n","protected":false},"featured_media":965,"comment_status":"open","ping_status":"closed","template":"","meta":[],"product_brand":[],"product_cat":[40],"product_tag":[],"class_list":{"0":"post-964","1":"product","2":"type-product","3":"status-publish","4":"has-post-thumbnail","6":"product_cat-bagaguerie","8":"first","9":"instock","10":"taxable","11":"shipping-taxable","12":"purchasable","13":"product-type-variable"},"yoast_head":"<!-- This site is optimized with the Yoast SEO plugin v27.4 - https:\/\/yoast.com\/product\/yoast-seo-wordpress\/ -->\n<title>Sacoche 3 poche - ATR Mobility France<\/title>\n<meta name=\"robots\" content=\"index, follow, max-snippet:-1, max-image-preview:large, max-video-preview:-1\" \/>\n<link rel=\"canonical\" href=\"https:\/\/atr-mobility-france.com\/index.php\/produit\/sacoche-3-poche\/\" \/>\n<meta property=\"og:locale\" content=\"fr_FR\" \/>\n<meta property=\"og:type\" content=\"article\" \/>\n<meta property=\"og:title\" content=\"Sacoche 3 poche - ATR Mobility France\" \/>\n<meta property=\"og:description\" content=\"Utilisation polyvalente Con\u00e7u pour la polyvalence, ce sac constitue une solution de rangement pratique pour les poussettes, les fauteuils roulants et\" \/>\n<meta property=\"og:url\" content=\"https:\/\/atr-mobility-france.com\/index.php\/produit\/sacoche-3-poche\/\" \/>\n<meta property=\"og:site_name\" content=\"ATR Mobility France\" \/>\n<meta property=\"article:publisher\" content=\"https:\/\/www.facebook.com\/ATRMobilityFrance\" \/>\n<meta property=\"article:modified_time\" content=\"2025-12-25T15:14:40+00:00\" \/>\n<meta name=\"twitter:card\" content=\"summary_large_image\" \/>\n<meta name=\"twitter:label1\" content=\"Dur\u00e9e de lecture estim\u00e9e\" \/>\n\t<meta name=\"twitter:data1\" content=\"2 minutes\" \/>\n<script type=\"application\/ld+json\" class=\"yoast-schema-graph\">{\"@context\":\"https:\\\/\\\/schema.org\",\"@graph\":[{\"@type\":\"WebPage\",\"@id\":\"https:\\\/\\\/atr-mobility-france.com\\\/index.php\\\/produit\\\/sacoche-3-poche\\\/\",\"url\":\"https:\\\/\\\/atr-mobility-france.com\\\/index.php\\\/produit\\\/sacoche-3-poche\\\/\",\"name\":\"Sacoche 3 poche - ATR Mobility France\",\"isPartOf\":{\"@id\":\"https:\\\/\\\/atr-mobility-france.com\\\/#website\"},\"primaryImageOfPage\":{\"@id\":\"https:\\\/\\\/atr-mobility-france.com\\\/index.php\\\/produit\\\/sacoche-3-poche\\\/#primaryimage\"},\"image\":{\"@id\":\"https:\\\/\\\/atr-mobility-france.com\\\/index.php\\\/produit\\\/sacoche-3-poche\\\/#primaryimage\"},\"thumbnailUrl\":\"https:\\\/\\\/atr-mobility-france.com\\\/wp-content\\\/uploads\\\/2025\\\/12\\\/sacoche1-17.avif\",\"datePublished\":\"2025-12-25T15:14:39+00:00\",\"dateModified\":\"2025-12-25T15:14:40+00:00\",\"breadcrumb\":{\"@id\":\"https:\\\/\\\/atr-mobility-france.com\\\/index.php\\\/produit\\\/sacoche-3-poche\\\/#breadcrumb\"},\"inLanguage\":\"fr-FR\",\"potentialAction\":[{\"@type\":\"ReadAction\",\"target\":[\"https:\\\/\\\/atr-mobility-france.com\\\/index.php\\\/produit\\\/sacoche-3-poche\\\/\"]}]},{\"@type\":\"ImageObject\",\"inLanguage\":\"fr-FR\",\"@id\":\"https:\\\/\\\/atr-mobility-france.com\\\/index.php\\\/produit\\\/sacoche-3-poche\\\/#primaryimage\",\"url\":\"https:\\\/\\\/atr-mobility-france.com\\\/wp-content\\\/uploads\\\/2025\\\/12\\\/sacoche1-17.avif\",\"contentUrl\":\"https:\\\/\\\/atr-mobility-france.com\\\/wp-content\\\/uploads\\\/2025\\\/12\\\/sacoche1-17.avif\",\"width\":220,\"height\":220},{\"@type\":\"BreadcrumbList\",\"@id\":\"https:\\\/\\\/atr-mobility-france.com\\\/index.php\\\/produit\\\/sacoche-3-poche\\\/#breadcrumb\",\"itemListElement\":[{\"@type\":\"ListItem\",\"position\":1,\"name\":\"Accueil\",\"item\":\"https:\\\/\\\/atr-mobility-france.com\\\/\"},{\"@type\":\"ListItem\",\"position\":2,\"name\":\"Produits\",\"item\":\"https:\\\/\\\/atr-mobility-france.com\\\/index.php\\\/boutique\\\/\"},{\"@type\":\"ListItem\",\"position\":3,\"name\":\"Sacoche 3 poche\"}]},{\"@type\":\"WebSite\",\"@id\":\"https:\\\/\\\/atr-mobility-france.com\\\/#website\",\"url\":\"https:\\\/\\\/atr-mobility-france.com\\\/\",\"name\":\"ATR Mobility France\",\"description\":\"Toujours l\u00e0 pour vous\",\"publisher\":{\"@id\":\"https:\\\/\\\/atr-mobility-france.com\\\/#organization\"},\"potentialAction\":[{\"@type\":\"SearchAction\",\"target\":{\"@type\":\"EntryPoint\",\"urlTemplate\":\"https:\\\/\\\/atr-mobility-france.com\\\/?s={search_term_string}\"},\"query-input\":{\"@type\":\"PropertyValueSpecification\",\"valueRequired\":true,\"valueName\":\"search_term_string\"}}],\"inLanguage\":\"fr-FR\"},{\"@type\":\"Organization\",\"@id\":\"https:\\\/\\\/atr-mobility-france.com\\\/#organization\",\"name\":\"ATR Mobility France\",\"url\":\"https:\\\/\\\/atr-mobility-france.com\\\/\",\"logo\":{\"@type\":\"ImageObject\",\"inLanguage\":\"fr-FR\",\"@id\":\"https:\\\/\\\/atr-mobility-france.com\\\/#\\\/schema\\\/logo\\\/image\\\/\",\"url\":\"https:\\\/\\\/atr-mobility-france.com\\\/wp-content\\\/uploads\\\/2024\\\/06\\\/ATRfr-NEW-1.png\",\"contentUrl\":\"https:\\\/\\\/atr-mobility-france.com\\\/wp-content\\\/uploads\\\/2024\\\/06\\\/ATRfr-NEW-1.png\",\"width\":500,\"height\":500,\"caption\":\"ATR Mobility France\"},\"image\":{\"@id\":\"https:\\\/\\\/atr-mobility-france.com\\\/#\\\/schema\\\/logo\\\/image\\\/\"},\"sameAs\":[\"https:\\\/\\\/www.facebook.com\\\/ATRMobilityFrance\"]}]}<\/script>\n<!-- \/ Yoast SEO plugin. -->","yoast_head_json":{"title":"Sacoche 3 poche - ATR Mobility France","robots":{"index":"index","follow":"follow","max-snippet":"max-snippet:-1","max-image-preview":"max-image-preview:large","max-video-preview":"max-video-preview:-1"},"canonical":"https:\/\/atr-mobility-france.com\/index.php\/produit\/sacoche-3-poche\/","og_locale":"fr_FR","og_type":"article","og_title":"Sacoche 3 poche - ATR Mobility France","og_description":"Utilisation polyvalente Con\u00e7u pour la polyvalence, ce sac constitue une solution de rangement pratique pour les poussettes, les fauteuils roulants et","og_url":"https:\/\/atr-mobility-france.com\/index.php\/produit\/sacoche-3-poche\/","og_site_name":"ATR Mobility France","article_publisher":"https:\/\/www.facebook.com\/ATRMobilityFrance","article_modified_time":"2025-12-25T15:14:40+00:00","twitter_card":"summary_large_image","twitter_misc":{"Dur\u00e9e de lecture estim\u00e9e":"2 minutes"},"schema":{"@context":"https:\/\/schema.org","@graph":[{"@type":"WebPage","@id":"https:\/\/atr-mobility-france.com\/index.php\/produit\/sacoche-3-poche\/","url":"https:\/\/atr-mobility-france.com\/index.php\/produit\/sacoche-3-poche\/","name":"Sacoche 3 poche - ATR Mobility France","isPartOf":{"@id":"https:\/\/atr-mobility-france.com\/#website"},"primaryImageOfPage":{"@id":"https:\/\/atr-mobility-france.com\/index.php\/produit\/sacoche-3-poche\/#primaryimage"},"image":{"@id":"https:\/\/atr-mobility-france.com\/index.php\/produit\/sacoche-3-poche\/#primaryimage"},"thumbnailUrl":"https:\/\/atr-mobility-france.com\/wp-content\/uploads\/2025\/12\/sacoche1-17.avif","datePublished":"2025-12-25T15:14:39+00:00","dateModified":"2025-12-25T15:14:40+00:00","breadcrumb":{"@id":"https:\/\/atr-mobility-france.com\/index.php\/produit\/sacoche-3-poche\/#breadcrumb"},"inLanguage":"fr-FR","potentialAction":[{"@type":"ReadAction","target":["https:\/\/atr-mobility-france.com\/index.php\/produit\/sacoche-3-poche\/"]}]},{"@type":"ImageObject","inLanguage":"fr-FR","@id":"https:\/\/atr-mobility-france.com\/index.php\/produit\/sacoche-3-poche\/#primaryimage","url":"https:\/\/atr-mobility-france.com\/wp-content\/uploads\/2025\/12\/sacoche1-17.avif","contentUrl":"https:\/\/atr-mobility-france.com\/wp-content\/uploads\/2025\/12\/sacoche1-17.avif","width":220,"height":220},{"@type":"BreadcrumbList","@id":"https:\/\/atr-mobility-france.com\/index.php\/produit\/sacoche-3-poche\/#breadcrumb","itemListElement":[{"@type":"ListItem","position":1,"name":"Accueil","item":"https:\/\/atr-mobility-france.com\/"},{"@type":"ListItem","position":2,"name":"Produits","item":"https:\/\/atr-mobility-france.com\/index.php\/boutique\/"},{"@type":"ListItem","position":3,"name":"Sacoche 3 poche"}]},{"@type":"WebSite","@id":"https:\/\/atr-mobility-france.com\/#website","url":"https:\/\/atr-mobility-france.com\/","name":"ATR Mobility France","description":"Toujours l\u00e0 pour vous","publisher":{"@id":"https:\/\/atr-mobility-france.com\/#organization"},"potentialAction":[{"@type":"SearchAction","target":{"@type":"EntryPoint","urlTemplate":"https:\/\/atr-mobility-france.com\/?s={search_term_string}"},"query-input":{"@type":"PropertyValueSpecification","valueRequired":true,"valueName":"search_term_string"}}],"inLanguage":"fr-FR"},{"@type":"Organization","@id":"https:\/\/atr-mobility-france.com\/#organization","name":"ATR Mobility France","url":"https:\/\/atr-mobility-france.com\/","logo":{"@type":"ImageObject","inLanguage":"fr-FR","@id":"https:\/\/atr-mobility-france.com\/#\/schema\/logo\/image\/","url":"https:\/\/atr-mobility-france.com\/wp-content\/uploads\/2024\/06\/ATRfr-NEW-1.png","contentUrl":"https:\/\/atr-mobility-france.com\/wp-content\/uploads\/2024\/06\/ATRfr-NEW-1.png","width":500,"height":500,"caption":"ATR Mobility France"},"image":{"@id":"https:\/\/atr-mobility-france.com\/#\/schema\/logo\/image\/"},"sameAs":["https:\/\/www.facebook.com\/ATRMobilityFrance"]}]}},"_links":{"self":[{"href":"https:\/\/atr-mobility-france.com\/index.php\/wp-json\/wp\/v2\/product\/964","targetHints":{"allow":["GET"]}}],"collection":[{"href":"https:\/\/atr-mobility-france.com\/index.php\/wp-json\/wp\/v2\/product"}],"about":[{"href":"https:\/\/atr-mobility-france.com\/index.php\/wp-json\/wp\/v2\/types\/product"}],"replies":[{"embeddable":true,"href":"https:\/\/atr-mobility-france.com\/index.php\/wp-json\/wp\/v2\/comments?post=964"}],"wp:featuredmedia":[{"embeddable":true,"href":"https:\/\/atr-mobility-france.com\/index.php\/wp-json\/wp\/v2\/media\/965"}],"wp:attachment":[{"href":"https:\/\/atr-mobility-france.com\/index.php\/wp-json\/wp\/v2\/media?parent=964"}],"wp:term":[{"taxonomy":"product_brand","embeddable":true,"href":"https:\/\/atr-mobility-france.com\/index.php\/wp-json\/wp\/v2\/product_brand?post=964"},{"taxonomy":"product_cat","embeddable":true,"href":"https:\/\/atr-mobility-france.com\/index.php\/wp-json\/wp\/v2\/product_cat?post=964"},{"taxonomy":"product_tag","embeddable":true,"href":"https:\/\/atr-mobility-france.com\/index.php\/wp-json\/wp\/v2\/product_tag?post=964"}],"curies":[{"name":"wp","href":"https:\/\/api.w.org\/{rel}","templated":true}]}}