{"id":823,"date":"2025-12-18T19:41:17","date_gmt":"2025-12-18T18:41:17","guid":{"rendered":"https:\/\/atr-mobility-france.com\/?post_type=product&#038;p=823"},"modified":"2026-04-10T12:15:01","modified_gmt":"2026-04-10T10:15:01","slug":"ticket-de-transport-place-pmr-accompagnateur-pas-de-la-case","status":"publish","type":"product","link":"https:\/\/atr-mobility-france.com\/index.php\/produit\/ticket-de-transport-place-pmr-accompagnateur-pas-de-la-case\/","title":{"rendered":"Ticket de transport place PMR + Accompagnateur ( Pas-de-la case )"},"content":{"rendered":"<p>Ticket de transport \u00e0 la journ\u00e9e \u00e0 destination du Pas-de-la case. Transport Aller\/ Retour Valeur place PMR + accompagnateur<\/p>\n","protected":false},"excerpt":{"rendered":"<p>Ticket de transport \u00e0 la journ\u00e9e \u00e0 destination du Pas-de-la case.<\/p>\n<p>Transport Aller\/ Retour<\/p>\n<p>Valeur place PMR + accompagnateur<\/p>\n","protected":false},"featured_media":745,"comment_status":"open","ping_status":"closed","template":"","meta":[],"product_brand":[],"product_cat":[34],"product_tag":[],"class_list":{"0":"post-823","1":"product","2":"type-product","3":"status-publish","4":"has-post-thumbnail","6":"product_cat-voyage-au-pas-de-la-case","8":"first","9":"instock","10":"taxable","11":"shipping-taxable","12":"purchasable","13":"product-type-variable"},"yoast_head":"<!-- This site is optimized with the Yoast SEO plugin v27.4 - https:\/\/yoast.com\/product\/yoast-seo-wordpress\/ -->\n<title>Ticket de transport place PMR + Accompagnateur ( Pas-de-la case ) - ATR Mobility France<\/title>\n<meta name=\"robots\" content=\"index, follow, max-snippet:-1, max-image-preview:large, max-video-preview:-1\" \/>\n<link rel=\"canonical\" href=\"https:\/\/atr-mobility-france.com\/index.php\/produit\/ticket-de-transport-place-pmr-accompagnateur-pas-de-la-case\/\" \/>\n<meta property=\"og:locale\" content=\"fr_FR\" \/>\n<meta property=\"og:type\" content=\"article\" \/>\n<meta property=\"og:title\" content=\"Ticket de transport place PMR + Accompagnateur ( Pas-de-la case ) - ATR Mobility France\" \/>\n<meta property=\"og:description\" content=\"Ticket de transport \u00e0 la journ\u00e9e \u00e0 destination du Pas-de-la case.  Transport Aller\/ Retour  Valeur place PMR + accompagnateur\" \/>\n<meta property=\"og:url\" content=\"https:\/\/atr-mobility-france.com\/index.php\/produit\/ticket-de-transport-place-pmr-accompagnateur-pas-de-la-case\/\" \/>\n<meta property=\"og:site_name\" content=\"ATR Mobility France\" \/>\n<meta property=\"article:publisher\" content=\"https:\/\/www.facebook.com\/ATRMobilityFrance\" \/>\n<meta property=\"article:modified_time\" content=\"2026-04-10T10:15:01+00:00\" \/>\n<meta property=\"og:image\" content=\"https:\/\/atr-mobility-france.com\/wp-content\/uploads\/2025\/12\/2-copie.png\" \/>\n\t<meta property=\"og:image:width\" content=\"2000\" \/>\n\t<meta property=\"og:image:height\" content=\"1414\" \/>\n\t<meta property=\"og:image:type\" content=\"image\/png\" \/>\n<meta name=\"twitter:card\" content=\"summary_large_image\" \/>\n<meta name=\"twitter:label1\" content=\"Dur\u00e9e de lecture estim\u00e9e\" \/>\n\t<meta name=\"twitter:data1\" content=\"1 minute\" \/>\n<script type=\"application\/ld+json\" class=\"yoast-schema-graph\">{\"@context\":\"https:\\\/\\\/schema.org\",\"@graph\":[{\"@type\":\"WebPage\",\"@id\":\"https:\\\/\\\/atr-mobility-france.com\\\/index.php\\\/produit\\\/ticket-de-transport-place-pmr-accompagnateur-pas-de-la-case\\\/\",\"url\":\"https:\\\/\\\/atr-mobility-france.com\\\/index.php\\\/produit\\\/ticket-de-transport-place-pmr-accompagnateur-pas-de-la-case\\\/\",\"name\":\"Ticket de transport place PMR + Accompagnateur ( Pas-de-la case ) - ATR Mobility France\",\"isPartOf\":{\"@id\":\"https:\\\/\\\/atr-mobility-france.com\\\/#website\"},\"primaryImageOfPage\":{\"@id\":\"https:\\\/\\\/atr-mobility-france.com\\\/index.php\\\/produit\\\/ticket-de-transport-place-pmr-accompagnateur-pas-de-la-case\\\/#primaryimage\"},\"image\":{\"@id\":\"https:\\\/\\\/atr-mobility-france.com\\\/index.php\\\/produit\\\/ticket-de-transport-place-pmr-accompagnateur-pas-de-la-case\\\/#primaryimage\"},\"thumbnailUrl\":\"https:\\\/\\\/atr-mobility-france.com\\\/wp-content\\\/uploads\\\/2025\\\/12\\\/2-copie.png\",\"datePublished\":\"2025-12-18T18:41:17+00:00\",\"dateModified\":\"2026-04-10T10:15:01+00:00\",\"breadcrumb\":{\"@id\":\"https:\\\/\\\/atr-mobility-france.com\\\/index.php\\\/produit\\\/ticket-de-transport-place-pmr-accompagnateur-pas-de-la-case\\\/#breadcrumb\"},\"inLanguage\":\"fr-FR\",\"potentialAction\":[{\"@type\":\"ReadAction\",\"target\":[\"https:\\\/\\\/atr-mobility-france.com\\\/index.php\\\/produit\\\/ticket-de-transport-place-pmr-accompagnateur-pas-de-la-case\\\/\"]}]},{\"@type\":\"ImageObject\",\"inLanguage\":\"fr-FR\",\"@id\":\"https:\\\/\\\/atr-mobility-france.com\\\/index.php\\\/produit\\\/ticket-de-transport-place-pmr-accompagnateur-pas-de-la-case\\\/#primaryimage\",\"url\":\"https:\\\/\\\/atr-mobility-france.com\\\/wp-content\\\/uploads\\\/2025\\\/12\\\/2-copie.png\",\"contentUrl\":\"https:\\\/\\\/atr-mobility-france.com\\\/wp-content\\\/uploads\\\/2025\\\/12\\\/2-copie.png\",\"width\":2000,\"height\":1414},{\"@type\":\"BreadcrumbList\",\"@id\":\"https:\\\/\\\/atr-mobility-france.com\\\/index.php\\\/produit\\\/ticket-de-transport-place-pmr-accompagnateur-pas-de-la-case\\\/#breadcrumb\",\"itemListElement\":[{\"@type\":\"ListItem\",\"position\":1,\"name\":\"Accueil\",\"item\":\"https:\\\/\\\/atr-mobility-france.com\\\/\"},{\"@type\":\"ListItem\",\"position\":2,\"name\":\"Produits\",\"item\":\"https:\\\/\\\/atr-mobility-france.com\\\/index.php\\\/boutique\\\/\"},{\"@type\":\"ListItem\",\"position\":3,\"name\":\"Ticket de transport place PMR + Accompagnateur ( Pas-de-la case )\"}]},{\"@type\":\"WebSite\",\"@id\":\"https:\\\/\\\/atr-mobility-france.com\\\/#website\",\"url\":\"https:\\\/\\\/atr-mobility-france.com\\\/\",\"name\":\"ATR Mobility France\",\"description\":\"Toujours l\u00e0 pour vous\",\"publisher\":{\"@id\":\"https:\\\/\\\/atr-mobility-france.com\\\/#organization\"},\"potentialAction\":[{\"@type\":\"SearchAction\",\"target\":{\"@type\":\"EntryPoint\",\"urlTemplate\":\"https:\\\/\\\/atr-mobility-france.com\\\/?s={search_term_string}\"},\"query-input\":{\"@type\":\"PropertyValueSpecification\",\"valueRequired\":true,\"valueName\":\"search_term_string\"}}],\"inLanguage\":\"fr-FR\"},{\"@type\":\"Organization\",\"@id\":\"https:\\\/\\\/atr-mobility-france.com\\\/#organization\",\"name\":\"ATR Mobility France\",\"url\":\"https:\\\/\\\/atr-mobility-france.com\\\/\",\"logo\":{\"@type\":\"ImageObject\",\"inLanguage\":\"fr-FR\",\"@id\":\"https:\\\/\\\/atr-mobility-france.com\\\/#\\\/schema\\\/logo\\\/image\\\/\",\"url\":\"https:\\\/\\\/atr-mobility-france.com\\\/wp-content\\\/uploads\\\/2024\\\/06\\\/ATRfr-NEW-1.png\",\"contentUrl\":\"https:\\\/\\\/atr-mobility-france.com\\\/wp-content\\\/uploads\\\/2024\\\/06\\\/ATRfr-NEW-1.png\",\"width\":500,\"height\":500,\"caption\":\"ATR Mobility France\"},\"image\":{\"@id\":\"https:\\\/\\\/atr-mobility-france.com\\\/#\\\/schema\\\/logo\\\/image\\\/\"},\"sameAs\":[\"https:\\\/\\\/www.facebook.com\\\/ATRMobilityFrance\"]}]}<\/script>\n<!-- \/ Yoast SEO plugin. -->","yoast_head_json":{"title":"Ticket de transport place PMR + Accompagnateur ( Pas-de-la case ) - ATR Mobility France","robots":{"index":"index","follow":"follow","max-snippet":"max-snippet:-1","max-image-preview":"max-image-preview:large","max-video-preview":"max-video-preview:-1"},"canonical":"https:\/\/atr-mobility-france.com\/index.php\/produit\/ticket-de-transport-place-pmr-accompagnateur-pas-de-la-case\/","og_locale":"fr_FR","og_type":"article","og_title":"Ticket de transport place PMR + Accompagnateur ( Pas-de-la case ) - ATR Mobility France","og_description":"Ticket de transport \u00e0 la journ\u00e9e \u00e0 destination du Pas-de-la case.  Transport Aller\/ Retour  Valeur place PMR + accompagnateur","og_url":"https:\/\/atr-mobility-france.com\/index.php\/produit\/ticket-de-transport-place-pmr-accompagnateur-pas-de-la-case\/","og_site_name":"ATR Mobility France","article_publisher":"https:\/\/www.facebook.com\/ATRMobilityFrance","article_modified_time":"2026-04-10T10:15:01+00:00","og_image":[{"width":2000,"height":1414,"url":"https:\/\/atr-mobility-france.com\/wp-content\/uploads\/2025\/12\/2-copie.png","type":"image\/png"}],"twitter_card":"summary_large_image","twitter_misc":{"Dur\u00e9e de lecture estim\u00e9e":"1 minute"},"schema":{"@context":"https:\/\/schema.org","@graph":[{"@type":"WebPage","@id":"https:\/\/atr-mobility-france.com\/index.php\/produit\/ticket-de-transport-place-pmr-accompagnateur-pas-de-la-case\/","url":"https:\/\/atr-mobility-france.com\/index.php\/produit\/ticket-de-transport-place-pmr-accompagnateur-pas-de-la-case\/","name":"Ticket de transport place PMR + Accompagnateur ( Pas-de-la case ) - ATR Mobility France","isPartOf":{"@id":"https:\/\/atr-mobility-france.com\/#website"},"primaryImageOfPage":{"@id":"https:\/\/atr-mobility-france.com\/index.php\/produit\/ticket-de-transport-place-pmr-accompagnateur-pas-de-la-case\/#primaryimage"},"image":{"@id":"https:\/\/atr-mobility-france.com\/index.php\/produit\/ticket-de-transport-place-pmr-accompagnateur-pas-de-la-case\/#primaryimage"},"thumbnailUrl":"https:\/\/atr-mobility-france.com\/wp-content\/uploads\/2025\/12\/2-copie.png","datePublished":"2025-12-18T18:41:17+00:00","dateModified":"2026-04-10T10:15:01+00:00","breadcrumb":{"@id":"https:\/\/atr-mobility-france.com\/index.php\/produit\/ticket-de-transport-place-pmr-accompagnateur-pas-de-la-case\/#breadcrumb"},"inLanguage":"fr-FR","potentialAction":[{"@type":"ReadAction","target":["https:\/\/atr-mobility-france.com\/index.php\/produit\/ticket-de-transport-place-pmr-accompagnateur-pas-de-la-case\/"]}]},{"@type":"ImageObject","inLanguage":"fr-FR","@id":"https:\/\/atr-mobility-france.com\/index.php\/produit\/ticket-de-transport-place-pmr-accompagnateur-pas-de-la-case\/#primaryimage","url":"https:\/\/atr-mobility-france.com\/wp-content\/uploads\/2025\/12\/2-copie.png","contentUrl":"https:\/\/atr-mobility-france.com\/wp-content\/uploads\/2025\/12\/2-copie.png","width":2000,"height":1414},{"@type":"BreadcrumbList","@id":"https:\/\/atr-mobility-france.com\/index.php\/produit\/ticket-de-transport-place-pmr-accompagnateur-pas-de-la-case\/#breadcrumb","itemListElement":[{"@type":"ListItem","position":1,"name":"Accueil","item":"https:\/\/atr-mobility-france.com\/"},{"@type":"ListItem","position":2,"name":"Produits","item":"https:\/\/atr-mobility-france.com\/index.php\/boutique\/"},{"@type":"ListItem","position":3,"name":"Ticket de transport place PMR + Accompagnateur ( Pas-de-la case )"}]},{"@type":"WebSite","@id":"https:\/\/atr-mobility-france.com\/#website","url":"https:\/\/atr-mobility-france.com\/","name":"ATR Mobility France","description":"Toujours l\u00e0 pour vous","publisher":{"@id":"https:\/\/atr-mobility-france.com\/#organization"},"potentialAction":[{"@type":"SearchAction","target":{"@type":"EntryPoint","urlTemplate":"https:\/\/atr-mobility-france.com\/?s={search_term_string}"},"query-input":{"@type":"PropertyValueSpecification","valueRequired":true,"valueName":"search_term_string"}}],"inLanguage":"fr-FR"},{"@type":"Organization","@id":"https:\/\/atr-mobility-france.com\/#organization","name":"ATR Mobility France","url":"https:\/\/atr-mobility-france.com\/","logo":{"@type":"ImageObject","inLanguage":"fr-FR","@id":"https:\/\/atr-mobility-france.com\/#\/schema\/logo\/image\/","url":"https:\/\/atr-mobility-france.com\/wp-content\/uploads\/2024\/06\/ATRfr-NEW-1.png","contentUrl":"https:\/\/atr-mobility-france.com\/wp-content\/uploads\/2024\/06\/ATRfr-NEW-1.png","width":500,"height":500,"caption":"ATR Mobility France"},"image":{"@id":"https:\/\/atr-mobility-france.com\/#\/schema\/logo\/image\/"},"sameAs":["https:\/\/www.facebook.com\/ATRMobilityFrance"]}]}},"_links":{"self":[{"href":"https:\/\/atr-mobility-france.com\/index.php\/wp-json\/wp\/v2\/product\/823","targetHints":{"allow":["GET"]}}],"collection":[{"href":"https:\/\/atr-mobility-france.com\/index.php\/wp-json\/wp\/v2\/product"}],"about":[{"href":"https:\/\/atr-mobility-france.com\/index.php\/wp-json\/wp\/v2\/types\/product"}],"replies":[{"embeddable":true,"href":"https:\/\/atr-mobility-france.com\/index.php\/wp-json\/wp\/v2\/comments?post=823"}],"wp:featuredmedia":[{"embeddable":true,"href":"https:\/\/atr-mobility-france.com\/index.php\/wp-json\/wp\/v2\/media\/745"}],"wp:attachment":[{"href":"https:\/\/atr-mobility-france.com\/index.php\/wp-json\/wp\/v2\/media?parent=823"}],"wp:term":[{"taxonomy":"product_brand","embeddable":true,"href":"https:\/\/atr-mobility-france.com\/index.php\/wp-json\/wp\/v2\/product_brand?post=823"},{"taxonomy":"product_cat","embeddable":true,"href":"https:\/\/atr-mobility-france.com\/index.php\/wp-json\/wp\/v2\/product_cat?post=823"},{"taxonomy":"product_tag","embeddable":true,"href":"https:\/\/atr-mobility-france.com\/index.php\/wp-json\/wp\/v2\/product_tag?post=823"}],"curies":[{"name":"wp","href":"https:\/\/api.w.org\/{rel}","templated":true}]}}