{"id":1373,"date":"2026-04-02T19:23:17","date_gmt":"2026-04-02T17:23:17","guid":{"rendered":"https:\/\/atr-mobility-france.com\/?post_type=product&#038;p=1373"},"modified":"2026-04-02T19:23:17","modified_gmt":"2026-04-02T17:23:17","slug":"serrure-inteligent","status":"publish","type":"product","link":"https:\/\/atr-mobility-france.com\/index.php\/produit\/serrure-inteligent\/","title":{"rendered":"Serrure int\u00e9ligent"},"content":{"rendered":"<h1><strong id=\"tl_3\">A1 Ultra<\/strong><\/h1>\n<p>A1 ultra est une serrure de porte intelligente Tuya qui peut \u00eatre install\u00e9e et retir\u00e9e imm\u00e9diatement.Utilisez simplement un adh\u00e9sif durable mais amovible (dans l&#8217;emballage) pour le coller sur la porte, et il peut \u00eatre facilement d\u00e9coll\u00e9 lorsqu&rsquo;il n&rsquo;est pas utilis\u00e9.L&rsquo;installation est termin\u00e9e en 10 minutes.S&rsquo;il est install\u00e9 de mani\u00e8re permanente, veuillez utiliser les vis et le tournevis inclus dans l&#8217;emballage.Il n&rsquo;est pas n\u00e9cessaire de modifier la serrure de porte actuelle<\/p>\n<h1><strong><span id=\"tl_5\">Remarque : cet article n&rsquo;inclut pas la t\u00e9l\u00e9commande\/le clavier de mot de passe\/la passerelle. Si vous en avez besoin, veuillez acheter un suppl\u00e9ment.<\/span><\/strong><\/h1>\n<p><strong>Serrure intelligente : A1 ultra<\/strong><\/p>\n<p><span id=\"tl_7\">Dimensions du produit : 135 mm X 60 mm X 45 mm<\/span><br \/>\n<span id=\"tl_8\">Mat\u00e9riau du corps : PC et acier.<\/span><br \/>\n<span id=\"tl_9\">Couleur: filet gris<\/span><br \/>\n<span id=\"tl_10\">Param\u00e8tres mat\u00e9riels<\/span><br \/>\n<span id=\"tl_11\">Mode de communication : au-dessus de Bluetooth 4.0<\/span><br \/>\n<span id=\"tl_12\">Date de la batterie : pile AA * 4 (non incluse dans l&#8217;emballage)<\/span><br \/>\n<span id=\"tl_13\">Endurance : d\u00e9verrouiller 1 000 \u00e0 1 500 fois<\/span><br \/>\n<span id=\"tl_14\">Prise en charge de l&rsquo;application : Tuya\/vie intelligente<\/span><br \/>\n<span id=\"tl_15\">Android : au-dessus de 5.0<\/span><br \/>\niOS : au-dessus de 8,0<\/p>\n<div style=\"width: 1080px;\" class=\"wp-video\"><video class=\"wp-video-shortcode\" id=\"video-1373-1\" width=\"1080\" height=\"608\" preload=\"metadata\" controls=\"controls\"><source type=\"video\/mp4\" src=\"https:\/\/atr-mobility-france.com\/wp-content\/uploads\/2026\/04\/5000269778371.mp4?_=1\" \/><a href=\"https:\/\/atr-mobility-france.com\/wp-content\/uploads\/2026\/04\/5000269778371.mp4\">https:\/\/atr-mobility-france.com\/wp-content\/uploads\/2026\/04\/5000269778371.mp4<\/a><\/video><\/div>\n<h3><strong id=\"tl_31\">Clavier d&#8217;empreinte digitale sans fil -FPT1<\/strong><\/h3>\n<h3><strong><span id=\"tl_32\">Remarque : le FPT1 doit \u00eatre associ\u00e9 \u00e0 la s\u00e9rie A1 Pro\/A1 Pro Max\/A1 Ultra<br \/>\nserrure intelligente dans la marque RAYKUBE, elle ne peut pas fonctionner ind\u00e9pendamment<\/span><\/strong><\/h3>\n<h5><span id=\"tl_33\">Dimensions du produit : 80 mm x 80 mm x 25 mm.<br \/>\nMat\u00e9riau du corps : Alliage d&rsquo;aluminium et PC<br \/>\nCouleur : Noir<br \/>\nPoids net : 90g<br \/>\nParam\u00e8tres mat\u00e9riels<br \/>\nMode de communication : au-dessus du Bluetooth 5.0<br \/>\nDate de la batterie : pile AA*2 (Remarque : les piles ne sont pas incluses dans l&#8217;emballage)<\/span><\/h5>\n<h6 align=\"start\"><span id=\"tl_34\">Endurance :<\/span><span id=\"tl_35\">D\u00e9verrouiller 1000-1500 fois<\/span><span id=\"tl_36\"><br \/>\nAPP: application Tuya\/Smat Life<\/span><\/h6>\n<h6 align=\"start\"><span id=\"tl_37\">Prise en charge Android : au-dessus de 5.0<br \/>\niOS : Au-dessus de 8,0<\/span><\/h6>\n<h6><span id=\"tl_38\">Mot de passe : Max 15 chiffres\/50 jeux<\/span><\/h6>\n<h6><span id=\"tl_39\">Empreinte digitale : 50 empreintes digitales maximum<\/span><\/h6>\n<h6><span id=\"tl_40\">Temp\u00e9rature de fonctionnement : -20\u2103 ~ 60\u2103<\/span><\/h6>\n","protected":false},"excerpt":{"rendered":"<h4 style=\"text-align: center;\"><strong id=\"tl_2\">Serrure de porte intelligente Bluetooth A1 ultra , application Tuya, t\u00e9l\u00e9commande, d\u00e9verrouillage sans cl\u00e9, cylindre de vie intelligente, bricolage, Installation facile<\/strong><\/h4>\n","protected":false},"featured_media":1382,"comment_status":"open","ping_status":"closed","template":"","meta":[],"product_brand":[],"product_cat":[74,75],"product_tag":[],"class_list":{"0":"post-1373","1":"product","2":"type-product","3":"status-publish","4":"has-post-thumbnail","6":"product_cat-domotique","7":"product_cat-serrure-intelligent","9":"first","10":"instock","11":"taxable","12":"shipping-taxable","13":"purchasable","14":"product-type-variable"},"yoast_head":"<!-- This site is optimized with the Yoast SEO plugin v27.4 - https:\/\/yoast.com\/product\/yoast-seo-wordpress\/ -->\n<title>Serrure int\u00e9ligent - ATR Mobility France<\/title>\n<meta name=\"robots\" content=\"index, follow, max-snippet:-1, max-image-preview:large, max-video-preview:-1\" \/>\n<link rel=\"canonical\" href=\"https:\/\/atr-mobility-france.com\/index.php\/produit\/serrure-inteligent\/\" \/>\n<meta property=\"og:locale\" content=\"fr_FR\" \/>\n<meta property=\"og:type\" content=\"article\" \/>\n<meta property=\"og:title\" content=\"Serrure int\u00e9ligent - ATR Mobility France\" \/>\n<meta property=\"og:description\" content=\"Serrure de porte intelligente Bluetooth A1 ultra , application Tuya, t\u00e9l\u00e9commande, d\u00e9verrouillage sans cl\u00e9, cylindre de vie intelligente, bricolag\" \/>\n<meta property=\"og:url\" content=\"https:\/\/atr-mobility-france.com\/index.php\/produit\/serrure-inteligent\/\" \/>\n<meta property=\"og:site_name\" content=\"ATR Mobility France\" \/>\n<meta property=\"article:publisher\" content=\"https:\/\/www.facebook.com\/ATRMobilityFrance\" \/>\n<meta name=\"twitter:card\" content=\"summary_large_image\" \/>\n<meta name=\"twitter:label1\" content=\"Dur\u00e9e de lecture estim\u00e9e\" \/>\n\t<meta name=\"twitter:data1\" content=\"2 minutes\" \/>\n<script type=\"application\/ld+json\" class=\"yoast-schema-graph\">{\"@context\":\"https:\\\/\\\/schema.org\",\"@graph\":[{\"@type\":\"WebPage\",\"@id\":\"https:\\\/\\\/atr-mobility-france.com\\\/index.php\\\/produit\\\/serrure-inteligent\\\/\",\"url\":\"https:\\\/\\\/atr-mobility-france.com\\\/index.php\\\/produit\\\/serrure-inteligent\\\/\",\"name\":\"Serrure int\u00e9ligent - ATR Mobility France\",\"isPartOf\":{\"@id\":\"https:\\\/\\\/atr-mobility-france.com\\\/#website\"},\"primaryImageOfPage\":{\"@id\":\"https:\\\/\\\/atr-mobility-france.com\\\/index.php\\\/produit\\\/serrure-inteligent\\\/#primaryimage\"},\"image\":{\"@id\":\"https:\\\/\\\/atr-mobility-france.com\\\/index.php\\\/produit\\\/serrure-inteligent\\\/#primaryimage\"},\"thumbnailUrl\":\"https:\\\/\\\/atr-mobility-france.com\\\/wp-content\\\/uploads\\\/2026\\\/04\\\/A37de1b27fdf840ef919155dde25c09d2S.jpg_220x220q75.avif\",\"datePublished\":\"2026-04-02T17:23:17+00:00\",\"breadcrumb\":{\"@id\":\"https:\\\/\\\/atr-mobility-france.com\\\/index.php\\\/produit\\\/serrure-inteligent\\\/#breadcrumb\"},\"inLanguage\":\"fr-FR\",\"potentialAction\":[{\"@type\":\"ReadAction\",\"target\":[\"https:\\\/\\\/atr-mobility-france.com\\\/index.php\\\/produit\\\/serrure-inteligent\\\/\"]}]},{\"@type\":\"ImageObject\",\"inLanguage\":\"fr-FR\",\"@id\":\"https:\\\/\\\/atr-mobility-france.com\\\/index.php\\\/produit\\\/serrure-inteligent\\\/#primaryimage\",\"url\":\"https:\\\/\\\/atr-mobility-france.com\\\/wp-content\\\/uploads\\\/2026\\\/04\\\/A37de1b27fdf840ef919155dde25c09d2S.jpg_220x220q75.avif\",\"contentUrl\":\"https:\\\/\\\/atr-mobility-france.com\\\/wp-content\\\/uploads\\\/2026\\\/04\\\/A37de1b27fdf840ef919155dde25c09d2S.jpg_220x220q75.avif\",\"width\":220,\"height\":220},{\"@type\":\"BreadcrumbList\",\"@id\":\"https:\\\/\\\/atr-mobility-france.com\\\/index.php\\\/produit\\\/serrure-inteligent\\\/#breadcrumb\",\"itemListElement\":[{\"@type\":\"ListItem\",\"position\":1,\"name\":\"Accueil\",\"item\":\"https:\\\/\\\/atr-mobility-france.com\\\/\"},{\"@type\":\"ListItem\",\"position\":2,\"name\":\"Produits\",\"item\":\"https:\\\/\\\/atr-mobility-france.com\\\/index.php\\\/boutique\\\/\"},{\"@type\":\"ListItem\",\"position\":3,\"name\":\"Serrure int\u00e9ligent\"}]},{\"@type\":\"WebSite\",\"@id\":\"https:\\\/\\\/atr-mobility-france.com\\\/#website\",\"url\":\"https:\\\/\\\/atr-mobility-france.com\\\/\",\"name\":\"ATR Mobility France\",\"description\":\"Toujours l\u00e0 pour vous\",\"publisher\":{\"@id\":\"https:\\\/\\\/atr-mobility-france.com\\\/#organization\"},\"potentialAction\":[{\"@type\":\"SearchAction\",\"target\":{\"@type\":\"EntryPoint\",\"urlTemplate\":\"https:\\\/\\\/atr-mobility-france.com\\\/?s={search_term_string}\"},\"query-input\":{\"@type\":\"PropertyValueSpecification\",\"valueRequired\":true,\"valueName\":\"search_term_string\"}}],\"inLanguage\":\"fr-FR\"},{\"@type\":\"Organization\",\"@id\":\"https:\\\/\\\/atr-mobility-france.com\\\/#organization\",\"name\":\"ATR Mobility France\",\"url\":\"https:\\\/\\\/atr-mobility-france.com\\\/\",\"logo\":{\"@type\":\"ImageObject\",\"inLanguage\":\"fr-FR\",\"@id\":\"https:\\\/\\\/atr-mobility-france.com\\\/#\\\/schema\\\/logo\\\/image\\\/\",\"url\":\"https:\\\/\\\/atr-mobility-france.com\\\/wp-content\\\/uploads\\\/2024\\\/06\\\/ATRfr-NEW-1.png\",\"contentUrl\":\"https:\\\/\\\/atr-mobility-france.com\\\/wp-content\\\/uploads\\\/2024\\\/06\\\/ATRfr-NEW-1.png\",\"width\":500,\"height\":500,\"caption\":\"ATR Mobility France\"},\"image\":{\"@id\":\"https:\\\/\\\/atr-mobility-france.com\\\/#\\\/schema\\\/logo\\\/image\\\/\"},\"sameAs\":[\"https:\\\/\\\/www.facebook.com\\\/ATRMobilityFrance\"]}]}<\/script>\n<!-- \/ Yoast SEO plugin. -->","yoast_head_json":{"title":"Serrure int\u00e9ligent - ATR Mobility France","robots":{"index":"index","follow":"follow","max-snippet":"max-snippet:-1","max-image-preview":"max-image-preview:large","max-video-preview":"max-video-preview:-1"},"canonical":"https:\/\/atr-mobility-france.com\/index.php\/produit\/serrure-inteligent\/","og_locale":"fr_FR","og_type":"article","og_title":"Serrure int\u00e9ligent - ATR Mobility France","og_description":"Serrure de porte intelligente Bluetooth A1 ultra , application Tuya, t\u00e9l\u00e9commande, d\u00e9verrouillage sans cl\u00e9, cylindre de vie intelligente, bricolag","og_url":"https:\/\/atr-mobility-france.com\/index.php\/produit\/serrure-inteligent\/","og_site_name":"ATR Mobility France","article_publisher":"https:\/\/www.facebook.com\/ATRMobilityFrance","twitter_card":"summary_large_image","twitter_misc":{"Dur\u00e9e de lecture estim\u00e9e":"2 minutes"},"schema":{"@context":"https:\/\/schema.org","@graph":[{"@type":"WebPage","@id":"https:\/\/atr-mobility-france.com\/index.php\/produit\/serrure-inteligent\/","url":"https:\/\/atr-mobility-france.com\/index.php\/produit\/serrure-inteligent\/","name":"Serrure int\u00e9ligent - ATR Mobility France","isPartOf":{"@id":"https:\/\/atr-mobility-france.com\/#website"},"primaryImageOfPage":{"@id":"https:\/\/atr-mobility-france.com\/index.php\/produit\/serrure-inteligent\/#primaryimage"},"image":{"@id":"https:\/\/atr-mobility-france.com\/index.php\/produit\/serrure-inteligent\/#primaryimage"},"thumbnailUrl":"https:\/\/atr-mobility-france.com\/wp-content\/uploads\/2026\/04\/A37de1b27fdf840ef919155dde25c09d2S.jpg_220x220q75.avif","datePublished":"2026-04-02T17:23:17+00:00","breadcrumb":{"@id":"https:\/\/atr-mobility-france.com\/index.php\/produit\/serrure-inteligent\/#breadcrumb"},"inLanguage":"fr-FR","potentialAction":[{"@type":"ReadAction","target":["https:\/\/atr-mobility-france.com\/index.php\/produit\/serrure-inteligent\/"]}]},{"@type":"ImageObject","inLanguage":"fr-FR","@id":"https:\/\/atr-mobility-france.com\/index.php\/produit\/serrure-inteligent\/#primaryimage","url":"https:\/\/atr-mobility-france.com\/wp-content\/uploads\/2026\/04\/A37de1b27fdf840ef919155dde25c09d2S.jpg_220x220q75.avif","contentUrl":"https:\/\/atr-mobility-france.com\/wp-content\/uploads\/2026\/04\/A37de1b27fdf840ef919155dde25c09d2S.jpg_220x220q75.avif","width":220,"height":220},{"@type":"BreadcrumbList","@id":"https:\/\/atr-mobility-france.com\/index.php\/produit\/serrure-inteligent\/#breadcrumb","itemListElement":[{"@type":"ListItem","position":1,"name":"Accueil","item":"https:\/\/atr-mobility-france.com\/"},{"@type":"ListItem","position":2,"name":"Produits","item":"https:\/\/atr-mobility-france.com\/index.php\/boutique\/"},{"@type":"ListItem","position":3,"name":"Serrure int\u00e9ligent"}]},{"@type":"WebSite","@id":"https:\/\/atr-mobility-france.com\/#website","url":"https:\/\/atr-mobility-france.com\/","name":"ATR Mobility France","description":"Toujours l\u00e0 pour vous","publisher":{"@id":"https:\/\/atr-mobility-france.com\/#organization"},"potentialAction":[{"@type":"SearchAction","target":{"@type":"EntryPoint","urlTemplate":"https:\/\/atr-mobility-france.com\/?s={search_term_string}"},"query-input":{"@type":"PropertyValueSpecification","valueRequired":true,"valueName":"search_term_string"}}],"inLanguage":"fr-FR"},{"@type":"Organization","@id":"https:\/\/atr-mobility-france.com\/#organization","name":"ATR Mobility France","url":"https:\/\/atr-mobility-france.com\/","logo":{"@type":"ImageObject","inLanguage":"fr-FR","@id":"https:\/\/atr-mobility-france.com\/#\/schema\/logo\/image\/","url":"https:\/\/atr-mobility-france.com\/wp-content\/uploads\/2024\/06\/ATRfr-NEW-1.png","contentUrl":"https:\/\/atr-mobility-france.com\/wp-content\/uploads\/2024\/06\/ATRfr-NEW-1.png","width":500,"height":500,"caption":"ATR Mobility France"},"image":{"@id":"https:\/\/atr-mobility-france.com\/#\/schema\/logo\/image\/"},"sameAs":["https:\/\/www.facebook.com\/ATRMobilityFrance"]}]}},"_links":{"self":[{"href":"https:\/\/atr-mobility-france.com\/index.php\/wp-json\/wp\/v2\/product\/1373","targetHints":{"allow":["GET"]}}],"collection":[{"href":"https:\/\/atr-mobility-france.com\/index.php\/wp-json\/wp\/v2\/product"}],"about":[{"href":"https:\/\/atr-mobility-france.com\/index.php\/wp-json\/wp\/v2\/types\/product"}],"replies":[{"embeddable":true,"href":"https:\/\/atr-mobility-france.com\/index.php\/wp-json\/wp\/v2\/comments?post=1373"}],"wp:featuredmedia":[{"embeddable":true,"href":"https:\/\/atr-mobility-france.com\/index.php\/wp-json\/wp\/v2\/media\/1382"}],"wp:attachment":[{"href":"https:\/\/atr-mobility-france.com\/index.php\/wp-json\/wp\/v2\/media?parent=1373"}],"wp:term":[{"taxonomy":"product_brand","embeddable":true,"href":"https:\/\/atr-mobility-france.com\/index.php\/wp-json\/wp\/v2\/product_brand?post=1373"},{"taxonomy":"product_cat","embeddable":true,"href":"https:\/\/atr-mobility-france.com\/index.php\/wp-json\/wp\/v2\/product_cat?post=1373"},{"taxonomy":"product_tag","embeddable":true,"href":"https:\/\/atr-mobility-france.com\/index.php\/wp-json\/wp\/v2\/product_tag?post=1373"}],"curies":[{"name":"wp","href":"https:\/\/api.w.org\/{rel}","templated":true}]}}