{"id":1102,"date":"2025-12-31T16:26:41","date_gmt":"2025-12-31T15:26:41","guid":{"rendered":"https:\/\/atr-mobility-france.com\/?post_type=product&#038;p=1102"},"modified":"2025-12-31T16:32:42","modified_gmt":"2025-12-31T15:32:42","slug":"1102","status":"publish","type":"product","link":"https:\/\/atr-mobility-france.com\/index.php\/produit\/1102\/","title":{"rendered":"Planche de transfert ( 150 kg max )"},"content":{"rendered":"<p id=\"tl_1\">Mat\u00e9riau de qualit\u00e9 sup\u00e9rieure : fabriqu\u00e9 \u00e0 partir de plastique technique \u00e0 haute r\u00e9sistance, ce produit comporte 5 nervures renforc\u00e9es mesurant 2,3 cm chacune, offrant une r\u00e9sistance et une stabilit\u00e9 am\u00e9lior\u00e9es pour garantir la s\u00e9curit\u00e9 pendant l&rsquo;utilisation.<\/p>\n<p>Capacit\u00e9 de charge impressionnante : avec une capacit\u00e9 de charge remarquable de 150 kg, cet outil de support est con\u00e7u pour s&rsquo;adapter \u00e0 un large \u00e9ventail d&rsquo;utilisateurs en toute s\u00e9curit\u00e9.<\/p>\n<p>Conception antid\u00e9rapante : \u00e9quip\u00e9 de zones antid\u00e9rapantes en forme de dent de 11,5 cm des deux c\u00f4t\u00e9s, ce produit aide \u00e0 pr\u00e9venir les glissades et les chutes, assurant ainsi la s\u00e9curit\u00e9 des patients pendant les transferts.<\/p>\n<p>Poign\u00e9e pratique : con\u00e7ue pour une utilisation facile, la poign\u00e9e ergonomique permet au personnel infirmier de transporter le produit sans effort, ce qui la rend pratique pour diverses applications.<\/p>\n<p>Id\u00e9al pour l&rsquo;assistance \u00e0 la mobilit\u00e9 : parfaitement adapt\u00e9 aux utilisateurs de fauteuils roulants, aux patients en r\u00e9\u00e9ducation et aux personnes \u00e0 mobilit\u00e9 r\u00e9duite, cet outil les aide \u00e0 transf\u00e9rer entre fauteuils roulants, lits, voitures et canap\u00e9s.<\/p>\n<p>&nbsp;<\/p>\n<div class=\"ql-editor\">\n<p id=\"tl_2\">Description :<\/p>\n<p id=\"tl_3\">Nom : tableau de transfert.<\/p>\n<p id=\"tl_4\">Cat\u00e9gorie de produit : produits d&rsquo;entretien<\/p>\n<p id=\"tl_5\">Num\u00e9ro d&rsquo;article : AYK-B918<\/p>\n<p id=\"tl_6\">Mat\u00e9riau : acier plastique ABS.<\/p>\n<p id=\"tl_7\">Zone Applicable: fesses<\/p>\n<p id=\"tl_8\">Fonction du produit : une planche de changement de vitesse con\u00e7ue pour les personnes \u00e0 mobilit\u00e9 r\u00e9duite<\/p>\n<p id=\"tl_9\">Liste de colisage :<\/p>\n<p id=\"tl_10\">Carte de transfert x 1<\/p>\n<\/div>\n<p><img loading=\"lazy\" decoding=\"async\" class=\"alignnone size-full wp-image-1103\" src=\"https:\/\/atr-mobility-france.com\/wp-content\/uploads\/2025\/12\/planche-de-transfert-1-11.avif\" alt=\"\" width=\"1001\" height=\"1001\" \/> <img loading=\"lazy\" decoding=\"async\" class=\"alignnone size-full wp-image-1104\" src=\"https:\/\/atr-mobility-france.com\/wp-content\/uploads\/2025\/12\/planche-de-transfert-1-12.avif\" alt=\"\" width=\"1001\" height=\"1001\" \/> <img loading=\"lazy\" decoding=\"async\" class=\"alignnone size-full wp-image-1105\" src=\"https:\/\/atr-mobility-france.com\/wp-content\/uploads\/2025\/12\/planche-de-transfert-1-13.avif\" alt=\"\" width=\"1001\" height=\"1001\" \/> <img loading=\"lazy\" decoding=\"async\" class=\"alignnone size-full wp-image-1108\" src=\"https:\/\/atr-mobility-france.com\/wp-content\/uploads\/2025\/12\/planche-de-transfert-1-16.avif\" alt=\"\" width=\"1001\" height=\"1001\" \/> <img loading=\"lazy\" decoding=\"async\" class=\"alignnone size-medium wp-image-1107\" src=\"https:\/\/atr-mobility-france.com\/wp-content\/uploads\/2025\/12\/planche-de-transfert-1-15.avif\" alt=\"\" width=\"300\" height=\"300\" \/> <img loading=\"lazy\" decoding=\"async\" class=\"alignnone size-full wp-image-1106\" src=\"https:\/\/atr-mobility-france.com\/wp-content\/uploads\/2025\/12\/planche-de-transfert-1-14.avif\" alt=\"\" width=\"1001\" height=\"1001\" \/> <img loading=\"lazy\" decoding=\"async\" class=\"alignnone size-full wp-image-1109\" src=\"https:\/\/atr-mobility-france.com\/wp-content\/uploads\/2025\/12\/planche-de-transfert-1-17.avif\" alt=\"\" width=\"1001\" height=\"1001\" \/> <img loading=\"lazy\" decoding=\"async\" class=\"alignnone size-full wp-image-1110\" src=\"https:\/\/atr-mobility-france.com\/wp-content\/uploads\/2025\/12\/planche-de-transfert-1-18.avif\" alt=\"\" width=\"1001\" height=\"1001\" \/><\/p>\n","protected":false},"excerpt":{"rendered":"<p>Mat\u00e9riau de qualit\u00e9 sup\u00e9rieure : fabriqu\u00e9 \u00e0 partir de plastique technique \u00e0 haute r\u00e9sistance, ce produit comporte 5 nervures renforc\u00e9es mesurant 2,3 cm chacune, offrant une r\u00e9sistance et une stabilit\u00e9 am\u00e9lior\u00e9es pour garantir la s\u00e9curit\u00e9 pendant l&rsquo;utilisation.<\/p>\n<p>Capacit\u00e9 de charge impressionnante : avec une capacit\u00e9 de charge remarquable de 150 kg, cet outil de support est con\u00e7u pour s&rsquo;adapter \u00e0 un large \u00e9ventail d&rsquo;utilisateurs en toute s\u00e9curit\u00e9.<\/p>\n","protected":false},"featured_media":1103,"comment_status":"open","ping_status":"closed","template":"","meta":[],"product_brand":[],"product_cat":[38],"product_tag":[],"class_list":{"0":"post-1102","1":"product","2":"type-product","3":"status-publish","4":"has-post-thumbnail","6":"product_cat-boutique","8":"first","9":"instock","10":"taxable","11":"shipping-taxable","12":"purchasable","13":"product-type-variable"},"yoast_head":"<!-- This site is optimized with the Yoast SEO plugin v27.4 - https:\/\/yoast.com\/product\/yoast-seo-wordpress\/ -->\n<title>Planche de transfert ( 150 kg max ) - ATR Mobility France<\/title>\n<meta name=\"robots\" content=\"index, follow, max-snippet:-1, max-image-preview:large, max-video-preview:-1\" \/>\n<link rel=\"canonical\" href=\"https:\/\/atr-mobility-france.com\/index.php\/produit\/1102\/\" \/>\n<meta property=\"og:locale\" content=\"fr_FR\" \/>\n<meta property=\"og:type\" content=\"article\" \/>\n<meta property=\"og:title\" content=\"Planche de transfert ( 150 kg max ) - ATR Mobility France\" \/>\n<meta property=\"og:description\" content=\"Mat\u00e9riau de qualit\u00e9 sup\u00e9rieure : fabriqu\u00e9 \u00e0 partir de plastique technique \u00e0 haute r\u00e9sistance, ce produit comporte 5 nervures renforc\u00e9es mesura\" \/>\n<meta property=\"og:url\" content=\"https:\/\/atr-mobility-france.com\/index.php\/produit\/1102\/\" \/>\n<meta property=\"og:site_name\" content=\"ATR Mobility France\" \/>\n<meta property=\"article:publisher\" content=\"https:\/\/www.facebook.com\/ATRMobilityFrance\" \/>\n<meta property=\"article:modified_time\" content=\"2025-12-31T15:32:42+00:00\" \/>\n<meta name=\"twitter:card\" content=\"summary_large_image\" \/>\n<meta name=\"twitter:label1\" content=\"Dur\u00e9e de lecture estim\u00e9e\" \/>\n\t<meta name=\"twitter:data1\" content=\"3 minutes\" \/>\n<script type=\"application\/ld+json\" class=\"yoast-schema-graph\">{\"@context\":\"https:\\\/\\\/schema.org\",\"@graph\":[{\"@type\":\"WebPage\",\"@id\":\"https:\\\/\\\/atr-mobility-france.com\\\/index.php\\\/produit\\\/1102\\\/\",\"url\":\"https:\\\/\\\/atr-mobility-france.com\\\/index.php\\\/produit\\\/1102\\\/\",\"name\":\"Planche de transfert ( 150 kg max ) - ATR Mobility France\",\"isPartOf\":{\"@id\":\"https:\\\/\\\/atr-mobility-france.com\\\/#website\"},\"primaryImageOfPage\":{\"@id\":\"https:\\\/\\\/atr-mobility-france.com\\\/index.php\\\/produit\\\/1102\\\/#primaryimage\"},\"image\":{\"@id\":\"https:\\\/\\\/atr-mobility-france.com\\\/index.php\\\/produit\\\/1102\\\/#primaryimage\"},\"thumbnailUrl\":\"https:\\\/\\\/atr-mobility-france.com\\\/wp-content\\\/uploads\\\/2025\\\/12\\\/planche-de-transfert-1-11.avif\",\"datePublished\":\"2025-12-31T15:26:41+00:00\",\"dateModified\":\"2025-12-31T15:32:42+00:00\",\"breadcrumb\":{\"@id\":\"https:\\\/\\\/atr-mobility-france.com\\\/index.php\\\/produit\\\/1102\\\/#breadcrumb\"},\"inLanguage\":\"fr-FR\",\"potentialAction\":[{\"@type\":\"ReadAction\",\"target\":[\"https:\\\/\\\/atr-mobility-france.com\\\/index.php\\\/produit\\\/1102\\\/\"]}]},{\"@type\":\"ImageObject\",\"inLanguage\":\"fr-FR\",\"@id\":\"https:\\\/\\\/atr-mobility-france.com\\\/index.php\\\/produit\\\/1102\\\/#primaryimage\",\"url\":\"https:\\\/\\\/atr-mobility-france.com\\\/wp-content\\\/uploads\\\/2025\\\/12\\\/planche-de-transfert-1-11.avif\",\"contentUrl\":\"https:\\\/\\\/atr-mobility-france.com\\\/wp-content\\\/uploads\\\/2025\\\/12\\\/planche-de-transfert-1-11.avif\",\"width\":1001,\"height\":1001},{\"@type\":\"BreadcrumbList\",\"@id\":\"https:\\\/\\\/atr-mobility-france.com\\\/index.php\\\/produit\\\/1102\\\/#breadcrumb\",\"itemListElement\":[{\"@type\":\"ListItem\",\"position\":1,\"name\":\"Accueil\",\"item\":\"https:\\\/\\\/atr-mobility-france.com\\\/\"},{\"@type\":\"ListItem\",\"position\":2,\"name\":\"Produits\",\"item\":\"https:\\\/\\\/atr-mobility-france.com\\\/index.php\\\/boutique\\\/\"},{\"@type\":\"ListItem\",\"position\":3,\"name\":\"Planche de transfert ( 150 kg max )\"}]},{\"@type\":\"WebSite\",\"@id\":\"https:\\\/\\\/atr-mobility-france.com\\\/#website\",\"url\":\"https:\\\/\\\/atr-mobility-france.com\\\/\",\"name\":\"ATR Mobility France\",\"description\":\"Toujours l\u00e0 pour vous\",\"publisher\":{\"@id\":\"https:\\\/\\\/atr-mobility-france.com\\\/#organization\"},\"potentialAction\":[{\"@type\":\"SearchAction\",\"target\":{\"@type\":\"EntryPoint\",\"urlTemplate\":\"https:\\\/\\\/atr-mobility-france.com\\\/?s={search_term_string}\"},\"query-input\":{\"@type\":\"PropertyValueSpecification\",\"valueRequired\":true,\"valueName\":\"search_term_string\"}}],\"inLanguage\":\"fr-FR\"},{\"@type\":\"Organization\",\"@id\":\"https:\\\/\\\/atr-mobility-france.com\\\/#organization\",\"name\":\"ATR Mobility France\",\"url\":\"https:\\\/\\\/atr-mobility-france.com\\\/\",\"logo\":{\"@type\":\"ImageObject\",\"inLanguage\":\"fr-FR\",\"@id\":\"https:\\\/\\\/atr-mobility-france.com\\\/#\\\/schema\\\/logo\\\/image\\\/\",\"url\":\"https:\\\/\\\/atr-mobility-france.com\\\/wp-content\\\/uploads\\\/2024\\\/06\\\/ATRfr-NEW-1.png\",\"contentUrl\":\"https:\\\/\\\/atr-mobility-france.com\\\/wp-content\\\/uploads\\\/2024\\\/06\\\/ATRfr-NEW-1.png\",\"width\":500,\"height\":500,\"caption\":\"ATR Mobility France\"},\"image\":{\"@id\":\"https:\\\/\\\/atr-mobility-france.com\\\/#\\\/schema\\\/logo\\\/image\\\/\"},\"sameAs\":[\"https:\\\/\\\/www.facebook.com\\\/ATRMobilityFrance\"]}]}<\/script>\n<!-- \/ Yoast SEO plugin. -->","yoast_head_json":{"title":"Planche de transfert ( 150 kg max ) - ATR Mobility France","robots":{"index":"index","follow":"follow","max-snippet":"max-snippet:-1","max-image-preview":"max-image-preview:large","max-video-preview":"max-video-preview:-1"},"canonical":"https:\/\/atr-mobility-france.com\/index.php\/produit\/1102\/","og_locale":"fr_FR","og_type":"article","og_title":"Planche de transfert ( 150 kg max ) - ATR Mobility France","og_description":"Mat\u00e9riau de qualit\u00e9 sup\u00e9rieure : fabriqu\u00e9 \u00e0 partir de plastique technique \u00e0 haute r\u00e9sistance, ce produit comporte 5 nervures renforc\u00e9es mesura","og_url":"https:\/\/atr-mobility-france.com\/index.php\/produit\/1102\/","og_site_name":"ATR Mobility France","article_publisher":"https:\/\/www.facebook.com\/ATRMobilityFrance","article_modified_time":"2025-12-31T15:32:42+00:00","twitter_card":"summary_large_image","twitter_misc":{"Dur\u00e9e de lecture estim\u00e9e":"3 minutes"},"schema":{"@context":"https:\/\/schema.org","@graph":[{"@type":"WebPage","@id":"https:\/\/atr-mobility-france.com\/index.php\/produit\/1102\/","url":"https:\/\/atr-mobility-france.com\/index.php\/produit\/1102\/","name":"Planche de transfert ( 150 kg max ) - ATR Mobility France","isPartOf":{"@id":"https:\/\/atr-mobility-france.com\/#website"},"primaryImageOfPage":{"@id":"https:\/\/atr-mobility-france.com\/index.php\/produit\/1102\/#primaryimage"},"image":{"@id":"https:\/\/atr-mobility-france.com\/index.php\/produit\/1102\/#primaryimage"},"thumbnailUrl":"https:\/\/atr-mobility-france.com\/wp-content\/uploads\/2025\/12\/planche-de-transfert-1-11.avif","datePublished":"2025-12-31T15:26:41+00:00","dateModified":"2025-12-31T15:32:42+00:00","breadcrumb":{"@id":"https:\/\/atr-mobility-france.com\/index.php\/produit\/1102\/#breadcrumb"},"inLanguage":"fr-FR","potentialAction":[{"@type":"ReadAction","target":["https:\/\/atr-mobility-france.com\/index.php\/produit\/1102\/"]}]},{"@type":"ImageObject","inLanguage":"fr-FR","@id":"https:\/\/atr-mobility-france.com\/index.php\/produit\/1102\/#primaryimage","url":"https:\/\/atr-mobility-france.com\/wp-content\/uploads\/2025\/12\/planche-de-transfert-1-11.avif","contentUrl":"https:\/\/atr-mobility-france.com\/wp-content\/uploads\/2025\/12\/planche-de-transfert-1-11.avif","width":1001,"height":1001},{"@type":"BreadcrumbList","@id":"https:\/\/atr-mobility-france.com\/index.php\/produit\/1102\/#breadcrumb","itemListElement":[{"@type":"ListItem","position":1,"name":"Accueil","item":"https:\/\/atr-mobility-france.com\/"},{"@type":"ListItem","position":2,"name":"Produits","item":"https:\/\/atr-mobility-france.com\/index.php\/boutique\/"},{"@type":"ListItem","position":3,"name":"Planche de transfert ( 150 kg max )"}]},{"@type":"WebSite","@id":"https:\/\/atr-mobility-france.com\/#website","url":"https:\/\/atr-mobility-france.com\/","name":"ATR Mobility France","description":"Toujours l\u00e0 pour vous","publisher":{"@id":"https:\/\/atr-mobility-france.com\/#organization"},"potentialAction":[{"@type":"SearchAction","target":{"@type":"EntryPoint","urlTemplate":"https:\/\/atr-mobility-france.com\/?s={search_term_string}"},"query-input":{"@type":"PropertyValueSpecification","valueRequired":true,"valueName":"search_term_string"}}],"inLanguage":"fr-FR"},{"@type":"Organization","@id":"https:\/\/atr-mobility-france.com\/#organization","name":"ATR Mobility France","url":"https:\/\/atr-mobility-france.com\/","logo":{"@type":"ImageObject","inLanguage":"fr-FR","@id":"https:\/\/atr-mobility-france.com\/#\/schema\/logo\/image\/","url":"https:\/\/atr-mobility-france.com\/wp-content\/uploads\/2024\/06\/ATRfr-NEW-1.png","contentUrl":"https:\/\/atr-mobility-france.com\/wp-content\/uploads\/2024\/06\/ATRfr-NEW-1.png","width":500,"height":500,"caption":"ATR Mobility France"},"image":{"@id":"https:\/\/atr-mobility-france.com\/#\/schema\/logo\/image\/"},"sameAs":["https:\/\/www.facebook.com\/ATRMobilityFrance"]}]}},"_links":{"self":[{"href":"https:\/\/atr-mobility-france.com\/index.php\/wp-json\/wp\/v2\/product\/1102","targetHints":{"allow":["GET"]}}],"collection":[{"href":"https:\/\/atr-mobility-france.com\/index.php\/wp-json\/wp\/v2\/product"}],"about":[{"href":"https:\/\/atr-mobility-france.com\/index.php\/wp-json\/wp\/v2\/types\/product"}],"replies":[{"embeddable":true,"href":"https:\/\/atr-mobility-france.com\/index.php\/wp-json\/wp\/v2\/comments?post=1102"}],"wp:featuredmedia":[{"embeddable":true,"href":"https:\/\/atr-mobility-france.com\/index.php\/wp-json\/wp\/v2\/media\/1103"}],"wp:attachment":[{"href":"https:\/\/atr-mobility-france.com\/index.php\/wp-json\/wp\/v2\/media?parent=1102"}],"wp:term":[{"taxonomy":"product_brand","embeddable":true,"href":"https:\/\/atr-mobility-france.com\/index.php\/wp-json\/wp\/v2\/product_brand?post=1102"},{"taxonomy":"product_cat","embeddable":true,"href":"https:\/\/atr-mobility-france.com\/index.php\/wp-json\/wp\/v2\/product_cat?post=1102"},{"taxonomy":"product_tag","embeddable":true,"href":"https:\/\/atr-mobility-france.com\/index.php\/wp-json\/wp\/v2\/product_tag?post=1102"}],"curies":[{"name":"wp","href":"https:\/\/api.w.org\/{rel}","templated":true}]}}